{"id":454,"date":"2023-03-17T11:45:24","date_gmt":"2023-03-17T11:45:24","guid":{"rendered":"https:\/\/bestnanny.world\/?page_id=454"},"modified":"2026-03-14T01:19:54","modified_gmt":"2026-03-14T01:19:54","slug":"how-we-work","status":"publish","type":"page","link":"https:\/\/bestnanny.world\/cz\/how-we-work\/","title":{"rendered":"Jak pracujeme"},"content":{"rendered":"<div data-elementor-type=\"wp-page\" data-elementor-id=\"454\" class=\"elementor elementor-454\" data-elementor-settings=\"{&quot;ha_cmc_init_switcher&quot;:&quot;no&quot;}\">\n\t\t\t\t\t\t<section class=\"elementor-section elementor-top-section elementor-element elementor-element-40ba9477 elementor-section-content-middle elementor-reverse-mobile ct-section-stretched elementor-section-boxed elementor-section-height-default elementor-section-height-default wpr-particle-no wpr-jarallax-no wpr-parallax-no wpr-sticky-section-no\" data-id=\"40ba9477\" data-element_type=\"section\" data-e-type=\"section\" data-settings=\"{&quot;background_background&quot;:&quot;classic&quot;,&quot;_ha_eqh_enable&quot;:false}\">\n\t\t\t\t\t\t<div class=\"elementor-container elementor-column-gap-no\">\n\t\t\t\t\t<div class=\"elementor-column elementor-col-50 elementor-top-column elementor-element elementor-element-377a9b3e\" data-id=\"377a9b3e\" data-element_type=\"column\" data-e-type=\"column\">\n\t\t\t<div class=\"elementor-widget-wrap elementor-element-populated\">\n\t\t\t\t\t\t<div class=\"elementor-element elementor-element-147811fe animated-slow elementor-invisible elementor-widget elementor-widget-heading\" data-id=\"147811fe\" data-element_type=\"widget\" data-e-type=\"widget\" data-settings=\"{&quot;_animation&quot;:&quot;fadeIn&quot;}\" data-widget_type=\"heading.default\">\n\t\t\t\t<div class=\"elementor-widget-container\">\n\t\t\t\t\t<h1 class=\"elementor-heading-title elementor-size-default\">D\u016fv\u011b\u0159uje n\u00e1m v\u00edce ne\u017e 100+ rodin<\/h1>\t\t\t\t<\/div>\n\t\t\t\t<\/div>\n\t\t\t\t<div class=\"elementor-element elementor-element-6c11379 elementor-widget elementor-widget-text-editor\" data-id=\"6c11379\" data-element_type=\"widget\" data-e-type=\"widget\" data-widget_type=\"text-editor.default\">\n\t\t\t\t<div class=\"elementor-widget-container\">\n\t\t\t\t\t\t\t\t\t<p>T\u011b\u0161\u00edme se z toho, \u017ee m\u016f\u017eeme b\u00fdt sou\u010d\u00e1st\u00ed nespo\u010detn\u00e9ho mno\u017estv\u00ed kr\u00e1sn\u00fdch p\u0159\u00edb\u011bh\u016f d\u00edky zprost\u0159edkov\u00e1n\u00ed nejkvalitn\u011bj\u0161\u00edch slu\u017eeb v oblasti p\u00e9\u010de o d\u011bti rodin\u00e1m, jako je ta Va\u0161e.<\/p>\t\t\t\t\t\t\t\t<\/div>\n\t\t\t\t<\/div>\n\t\t\t\t<div class=\"elementor-element elementor-element-c260298 elementor-mobile-align-center elementor-widget elementor-widget-button\" data-id=\"c260298\" data-element_type=\"widget\" data-e-type=\"widget\" data-widget_type=\"button.default\">\n\t\t\t\t<div class=\"elementor-widget-container\">\n\t\t\t\t\t\t\t\t\t<div class=\"elementor-button-wrapper\">\n\t\t\t\t\t<a class=\"elementor-button elementor-button-link elementor-size-sm\" href=\"https:\/\/bestnanny.world\/cz\/family-application\/\">\n\t\t\t\t\t\t<span class=\"elementor-button-content-wrapper\">\n\t\t\t\t\t\t\t\t\t<span class=\"elementor-button-text\">Za\u010dn\u011bte<\/span>\n\t\t\t\t\t<\/span>\n\t\t\t\t\t<\/a>\n\t\t\t\t<\/div>\n\t\t\t\t\t\t\t\t<\/div>\n\t\t\t\t<\/div>\n\t\t\t\t\t<\/div>\n\t\t<\/div>\n\t\t\t\t<div class=\"elementor-column elementor-col-50 elementor-top-column elementor-element elementor-element-30c64ba5\" data-id=\"30c64ba5\" data-element_type=\"column\" data-e-type=\"column\">\n\t\t\t<div class=\"elementor-widget-wrap elementor-element-populated\">\n\t\t\t\t\t\t<div class=\"elementor-element elementor-element-324c4ee0 animated-slow e-transform elementor-invisible elementor-widget elementor-widget-image\" data-id=\"324c4ee0\" data-element_type=\"widget\" data-e-type=\"widget\" data-settings=\"{&quot;_animation&quot;:&quot;zoomIn&quot;,&quot;_transform_translateX_effect&quot;:{&quot;unit&quot;:&quot;px&quot;,&quot;size&quot;:&quot;&quot;,&quot;sizes&quot;:[]},&quot;_transform_translateX_effect_tablet&quot;:{&quot;unit&quot;:&quot;px&quot;,&quot;size&quot;:&quot;&quot;,&quot;sizes&quot;:[]},&quot;_transform_translateX_effect_mobile&quot;:{&quot;unit&quot;:&quot;px&quot;,&quot;size&quot;:&quot;&quot;,&quot;sizes&quot;:[]},&quot;_transform_translateY_effect&quot;:{&quot;unit&quot;:&quot;px&quot;,&quot;size&quot;:&quot;&quot;,&quot;sizes&quot;:[]},&quot;_transform_translateY_effect_tablet&quot;:{&quot;unit&quot;:&quot;px&quot;,&quot;size&quot;:&quot;&quot;,&quot;sizes&quot;:[]},&quot;_transform_translateY_effect_mobile&quot;:{&quot;unit&quot;:&quot;px&quot;,&quot;size&quot;:&quot;&quot;,&quot;sizes&quot;:[]}}\" data-widget_type=\"image.default\">\n\t\t\t\t<div class=\"elementor-widget-container\">\n\t\t\t\t\t\t\t\t\t\t\t\t\t\t\t<img fetchpriority=\"high\" decoding=\"async\" width=\"500\" height=\"500\" src=\"https:\/\/bestnanny.world\/wp-content\/uploads\/2023\/05\/Untitled-design-3.png\" class=\"attachment-full size-full wp-image-2965\" alt=\"\" srcset=\"https:\/\/bestnanny.world\/wp-content\/uploads\/2023\/05\/Untitled-design-3.png 500w, https:\/\/bestnanny.world\/wp-content\/uploads\/2023\/05\/Untitled-design-3-100x100.png 100w, https:\/\/bestnanny.world\/wp-content\/uploads\/2023\/05\/Untitled-design-3-300x300.png 300w, https:\/\/bestnanny.world\/wp-content\/uploads\/2023\/05\/Untitled-design-3-150x150.png 150w\" sizes=\"(max-width: 500px) 100vw, 500px\" \/>\t\t\t\t\t\t\t\t\t\t\t\t\t\t\t<\/div>\n\t\t\t\t<\/div>\n\t\t\t\t\t<\/div>\n\t\t<\/div>\n\t\t\t\t\t<\/div>\n\t\t<\/section>\n\t\t<div class=\"elementor-element elementor-element-77981fd e-flex e-con-boxed wpr-particle-no wpr-jarallax-no wpr-parallax-no wpr-sticky-section-no e-con e-parent\" data-id=\"77981fd\" data-element_type=\"container\" data-e-type=\"container\" data-settings=\"{&quot;background_background&quot;:&quot;classic&quot;,&quot;_ha_eqh_enable&quot;:false}\">\n\t\t\t\t\t<div class=\"e-con-inner\">\n\t\t\t\t<div class=\"elementor-element elementor-element-9b3cdc3 elementor-widget elementor-widget-spacer\" data-id=\"9b3cdc3\" data-element_type=\"widget\" data-e-type=\"widget\" data-widget_type=\"spacer.default\">\n\t\t\t\t<div class=\"elementor-widget-container\">\n\t\t\t\t\t\t\t<div class=\"elementor-spacer\">\n\t\t\t<div class=\"elementor-spacer-inner\"><\/div>\n\t\t<\/div>\n\t\t\t\t\t\t<\/div>\n\t\t\t\t<\/div>\n\t\t\t\t<div class=\"elementor-element elementor-element-ace4e5e elementor-widget elementor-widget-heading\" data-id=\"ace4e5e\" data-element_type=\"widget\" data-e-type=\"widget\" data-widget_type=\"heading.default\">\n\t\t\t\t<div class=\"elementor-widget-container\">\n\t\t\t\t\t<h1 class=\"elementor-heading-title elementor-size-default\">Krok za krokem, jak pracujeme<\/h1>\t\t\t\t<\/div>\n\t\t\t\t<\/div>\n\t\t\t\t\t<\/div>\n\t\t\t\t<\/div>\n\t\t<div class=\"elementor-element elementor-element-1906c46 e-flex e-con-boxed wpr-particle-no wpr-jarallax-no wpr-parallax-no wpr-sticky-section-no e-con e-parent\" data-id=\"1906c46\" data-element_type=\"container\" data-e-type=\"container\" data-settings=\"{&quot;background_background&quot;:&quot;classic&quot;,&quot;_ha_eqh_enable&quot;:false}\">\n\t\t\t\t\t<div class=\"e-con-inner\">\n\t\t\t\t<div class=\"elementor-element elementor-element-088332f elementor-widget elementor-widget-ucaddon_unlimited_timeline\" data-id=\"088332f\" data-element_type=\"widget\" data-e-type=\"widget\" data-widget_type=\"ucaddon_unlimited_timeline.default\">\n\t\t\t\t<div class=\"elementor-widget-container\">\n\t\t\t\t\t\n<!-- start Unlimited Timeline -->\n\t\t<link id='font-awesome-css' href='https:\/\/bestnanny.world\/wp-content\/plugins\/unlimited-elements-for-elementor\/assets_libraries\/font-awesome6\/fontawesome-all.min.css' type='text\/css' rel='stylesheet' >\n\t\t<link id='font-awesome-4-shim-css' href='https:\/\/bestnanny.world\/wp-content\/plugins\/unlimited-elements-for-elementor\/assets_libraries\/font-awesome6\/fontawesome-v4-shims.min.css' type='text\/css' rel='stylesheet' >\n\n<style>\/* widget: Unlimited Timeline *\/\n\n\n\n#uc_unlimited_timeline_elementor_088332f\n{\n  direction:ltr;\n}\n#uc_unlimited_timeline_elementor_088332f *\n{\n  box-sizing:border-box;\n}\n#uc_unlimited_timeline_elementor_088332f .ue_timeline_item\n{\n  display:flex;\n  flex-direction:row-reverse;\n}\n\n#uc_unlimited_timeline_elementor_088332f .ue_timeline_item_icon\n{\n  display:flex;\n  flex-direction:column;\n  align-items:center;\n}\n\n#uc_unlimited_timeline_elementor_088332f .ue_timeline_item_icon_line\n{\n  flex-grow:1;\n}\n\n#uc_unlimited_timeline_elementor_088332f .ue_timeline_item_icon_line_offset\n{\n  flex-grow:0;\n  flex-shrink:0;\n}\n\n#uc_unlimited_timeline_elementor_088332f .ue_timeline_item_icon_holder\n{\n  display:flex;\n  justify-content:center;\n  align-items:center;\n  line-height:1em;\n  flex-direction:column;\n  transition: all 0.4s ease-in-out;\n}\n\n#uc_unlimited_timeline_elementor_088332f .ue_timeline_item_icon_holder svg\n{\n  height:1em;\n  width:1em;\n}\n\n#uc_unlimited_timeline_elementor_088332f .ue_timeline_item_content\n{\n  flex:1;\n  flex-shrink:0;\n  flex-direction:row-reverse;\n}\n\n#uc_unlimited_timeline_elementor_088332f .ue_timeline_item_spacer\n{\n  flex:1;\n  flex-shrink:0;\n}\n\n#uc_unlimited_timeline_elementor_088332f .ue_timeline_item_content_main\n{\n  flex-grow:1;\n  word-break: break-word;\n}\n\n\n\n\n#uc_unlimited_timeline_elementor_088332f .ue_timeline_item_content\n{\n  display:flex;\n}\n\n\n#uc_unlimited_timeline_elementor_088332f .ue_timeline_item_pointer_spacer\n{\n  flex-grow:0;\n  flex-shrink:0;\n}\n\n#uc_unlimited_timeline_elementor_088332f .ue_timeline_item_icon\n{\n  flex-grow:0;\n  flex-shrink:0;\n}\n\n#uc_unlimited_timeline_elementor_088332f .ue_timeline_item_pointer\n{\n  \n  flex-grow:0;\n  flex-shrink:0;\n  margin-top:0px;\n  position:relative;\n}\n\n\n\n#uc_unlimited_timeline_elementor_088332f .ue_timeline_item .ue_timeline_item_content .ue_timeline_item_pointer .ue_timeline_item_pointer_inside\n{\n  position:relative;\n  clip-path: polygon(0 50%, 100% 0, 100% 100%);\n}\n\n#uc_unlimited_timeline_elementor_088332f .ue_timeline_item:last-child .ue_timeline_item_icon_line\n{\n  display:none;\n}\n\t\n\n#uc_unlimited_timeline_elementor_088332f .ue_timeline_item:last-child .ue_timeline_item_content\n{\n  margin-bottom:0px;\n}\n\n\n#uc_unlimited_timeline_elementor_088332f .ue_timeline_item_spacer\n  {\n    display:none;\n  }\n\n\n\t#uc_unlimited_timeline_elementor_088332f .ue_timeline_item:nth-child(odd)\n    {\n      flex-direction:row;\n    }\n\n    #uc_unlimited_timeline_elementor_088332f .ue_timeline_item:nth-child(odd) .ue_timeline_item_content\n    {\n     flex-direction:row;\n    } \n\n\n\t#uc_unlimited_timeline_elementor_088332f .ue_timeline_item_spacer\n  {\n    display:block;\n  }\n\n\n#uc_unlimited_timeline_elementor_088332f .ue_timeline_item:nth-child(odd) .ue_timeline_item_content .ue_timeline_item_pointer .ue_timeline_item_pointer_inside\n{ \n clip-path: polygon(100% 50%, 0 0, 0 100%);\n\n}\n\n\n\n\t\n\t\n\n\n\n\n\n@media only screen and (max-width: 768px) {\n  #uc_unlimited_timeline_elementor_088332f .ue_timeline_item\n{\n  flex-direction:row-reverse !important;\n}\n\n#uc_unlimited_timeline_elementor_088332f .ue_timeline_item .ue_timeline_item_content\n{\n flex-direction:row-reverse !important;\n}\n  \n  #uc_unlimited_timeline_elementor_088332f .ue_timeline_item_spacer\n  {\n    display:none;\n  }\n  \n  #uc_unlimited_timeline_elementor_088332f .ue_timeline_item .ue_timeline_item_content .ue_timeline_item_pointer .ue_timeline_item_pointer_inside\n  { \n   clip-path: polygon(0 50%, 100% 0, 100% 100%) !important;\n\n  }\n  \n}\n\n\n\n.ue_timeline_item_title\n{\n  font-size:21px;\n}\n\n.ue_text_one, .ue_text_two, .ue_text_three\n{\n  font-size:14px;\n  line-height:1.1em;\n}\n\n.ue_timeline_item_icon_line_mask, .ue_timeline_item_icon_line_offset_mask {\n  width: 100%;\n  height: 0%;\n  max-height: 100%;\n  will-change: height;\n}\n#uc_unlimited_timeline_elementor_088332f .ue_timeline_item_image\n{\nobject-fit: cover;\n}\n\n#uc_unlimited_timeline_elementor_088332f .ue_timeline_item_content_inside\n{\n  position:relative;\n}\n\n\n#uc_unlimited_timeline_elementor_088332f .ue_timeline_item_content_main\n{\n  position:relative;\n  overflow:hidden;\n}\n\n\n\t\n\n\n\n\t\n\n\n\n\t\n\n\n\n\t\n\n\n\n\t\n\n\n\n\n\n<\/style>\n\n<div id=\"uc_unlimited_timeline_elementor_088332f\" class=\"uc-items-wrapper\" >\n  <div class=\"ue_timeline_item elementor-repeater-item-9572ebd\" id=\"uc_unlimited_timeline_elementor_088332f_item1\">\n    <div class=\"ue_timeline_item_content\">\n      <div class=\"ue_timeline_item_content_main\">\n                <div class=\"ue_timeline_item_content_inside\">\n                <div class=\"ue_timeline_item_title\" >V\u00fdb\u011br<\/div>                <div class=\"ue_timeline_item_text\"><p>Po\u0161lete n\u00e1m svou \u017e\u00e1dost prost\u0159ednictv\u00edm na\u0161eho formul\u00e1\u0159e, uve\u010fte z\u00e1kladn\u00ed informace o sv\u00e9 rodin\u011b, sv\u00fdch pot\u0159eb\u00e1ch a typu ch\u016fvy, kterou hled\u00e1te. Takto se dozv\u00edme v\u0161e pot\u0159ebn\u00e9 o Va\u0161ich preferenc\u00edch.\u00a0<\/p><\/div>\t\n      \t        <\/div>\n      <\/div>\n      \n            <div class=\"ue_timeline_item_pointer\">\n        <div class=\"ue_timeline_item_pointer_inside\">\n        <\/div>\n      <\/div>\n            \n      <div class=\"ue_timeline_item_pointer_spacer\"><\/div>\n    <\/div>\n    <div class=\"ue_timeline_item_icon\">\n      <div class=\"ue_timeline_item_icon_line_offset\">\n      \t<div class=\"ue_timeline_item_icon_line_offset_mask\"><\/div>\n      <\/div>\n      <div class=\"ue_timeline_item_icon_holder\">\n        <i class=''><\/i>                      <\/div>\n      <div class=\"ue_timeline_item_icon_line\">\n      \t<div class=\"ue_timeline_item_icon_line_mask\"><\/div>\n      <\/div>\n    <\/div>\n    <div class=\"ue_timeline_item_spacer\"><\/div>\n  <\/div>\n<div class=\"ue_timeline_item elementor-repeater-item-d14cf22\" id=\"uc_unlimited_timeline_elementor_088332f_item2\">\n    <div class=\"ue_timeline_item_content\">\n      <div class=\"ue_timeline_item_content_main\">\n                <div class=\"ue_timeline_item_content_inside\">\n                <div class=\"ue_timeline_item_title\" >Po\u010d\u00e1te\u010dn\u00ed platba<\/div>                <div class=\"ue_timeline_item_text\"><p>V p\u0159\u00edpad\u011b v\u00e1\u017en\u00e9ho z\u00e1jmu V\u00e1s pros\u00edme o \u00fahradu Po\u010d\u00e1te\u010dn\u00ed platby ve v\u00fd\u0161i 5000 - 8500 K\u010d dle typu popt\u00e1van\u00e9ho pracovn\u00edho \u00favazku. Povinnost t\u00e9to platby vznik\u00e1 vypln\u011bn\u00edm \u00favodn\u00edho dotazn\u00edku a na konci procesu bude tato \u010d\u00e1stka ode\u010dtena od fin\u00e1ln\u00ed provize\u00a0agentu\u0159e.<br \/><br \/><\/p><\/div>\t\n      \t        <\/div>\n      <\/div>\n      \n            <div class=\"ue_timeline_item_pointer\">\n        <div class=\"ue_timeline_item_pointer_inside\">\n        <\/div>\n      <\/div>\n            \n      <div class=\"ue_timeline_item_pointer_spacer\"><\/div>\n    <\/div>\n    <div class=\"ue_timeline_item_icon\">\n      <div class=\"ue_timeline_item_icon_line_offset\">\n      \t<div class=\"ue_timeline_item_icon_line_offset_mask\"><\/div>\n      <\/div>\n      <div class=\"ue_timeline_item_icon_holder\">\n        <i class=''><\/i>                      <\/div>\n      <div class=\"ue_timeline_item_icon_line\">\n      \t<div class=\"ue_timeline_item_icon_line_mask\"><\/div>\n      <\/div>\n    <\/div>\n    <div class=\"ue_timeline_item_spacer\"><\/div>\n  <\/div>\n<div class=\"ue_timeline_item elementor-repeater-item-0339b28\" id=\"uc_unlimited_timeline_elementor_088332f_item3\">\n    <div class=\"ue_timeline_item_content\">\n      <div class=\"ue_timeline_item_content_main\">\n                <div class=\"ue_timeline_item_content_inside\">\n                <div class=\"ue_timeline_item_title\" >Screening<\/div>                <div class=\"ue_timeline_item_text\"><p>Po\u0161leme V\u00e1m portfolio nejvhodn\u011bj\u0161\u00edch kandid\u00e1t\u016f a zorganizujeme sch\u016fzku s t\u011bmi, kter\u00e9 si sami vyberete.<\/p><\/div>\t\n      \t        <\/div>\n      <\/div>\n      \n            <div class=\"ue_timeline_item_pointer\">\n        <div class=\"ue_timeline_item_pointer_inside\">\n        <\/div>\n      <\/div>\n            \n      <div class=\"ue_timeline_item_pointer_spacer\"><\/div>\n    <\/div>\n    <div class=\"ue_timeline_item_icon\">\n      <div class=\"ue_timeline_item_icon_line_offset\">\n      \t<div class=\"ue_timeline_item_icon_line_offset_mask\"><\/div>\n      <\/div>\n      <div class=\"ue_timeline_item_icon_holder\">\n        <i class=''><\/i>                      <\/div>\n      <div class=\"ue_timeline_item_icon_line\">\n      \t<div class=\"ue_timeline_item_icon_line_mask\"><\/div>\n      <\/div>\n    <\/div>\n    <div class=\"ue_timeline_item_spacer\"><\/div>\n  <\/div>\n<div class=\"ue_timeline_item elementor-repeater-item-873b06a\" id=\"uc_unlimited_timeline_elementor_088332f_item4\">\n    <div class=\"ue_timeline_item_content\">\n      <div class=\"ue_timeline_item_content_main\">\n                <div class=\"ue_timeline_item_content_inside\">\n                <div class=\"ue_timeline_item_title\" >Zku\u0161ebn\u00ed doba<\/div>                <div class=\"ue_timeline_item_text\"><p>Po sch\u016fzce se dohodneme na zku\u0161ebn\u00edm obdob\u00ed s vybran\u00fdm kandid\u00e1tem.<\/p><\/div>\t\n      \t        <\/div>\n      <\/div>\n      \n            <div class=\"ue_timeline_item_pointer\">\n        <div class=\"ue_timeline_item_pointer_inside\">\n        <\/div>\n      <\/div>\n            \n      <div class=\"ue_timeline_item_pointer_spacer\"><\/div>\n    <\/div>\n    <div class=\"ue_timeline_item_icon\">\n      <div class=\"ue_timeline_item_icon_line_offset\">\n      \t<div class=\"ue_timeline_item_icon_line_offset_mask\"><\/div>\n      <\/div>\n      <div class=\"ue_timeline_item_icon_holder\">\n        <i class=''><\/i>                      <\/div>\n      <div class=\"ue_timeline_item_icon_line\">\n      \t<div class=\"ue_timeline_item_icon_line_mask\"><\/div>\n      <\/div>\n    <\/div>\n    <div class=\"ue_timeline_item_spacer\"><\/div>\n  <\/div>\n<div class=\"ue_timeline_item elementor-repeater-item-37d3b23\" id=\"uc_unlimited_timeline_elementor_088332f_item5\">\n    <div class=\"ue_timeline_item_content\">\n      <div class=\"ue_timeline_item_content_main\">\n                <div class=\"ue_timeline_item_content_inside\">\n                <div class=\"ue_timeline_item_title\" >Potvrzen\u00ed<\/div>                <div class=\"ue_timeline_item_text\"><p>Pokud jsou ob\u011b strany spokojen\u00e9, m\u016f\u017ee za\u010d\u00edt spolupr\u00e1ce s kandid\u00e1tem. Agentu\u0159e budete hradit agenturn\u00ed provizi, od kter\u00e9 bude ode\u010dtena zaplacen\u00e1 Po\u010d\u00e1te\u010dn\u00ed platba.\u00a0<\/p><\/div>\t\n      \t        <\/div>\n      <\/div>\n      \n            <div class=\"ue_timeline_item_pointer\">\n        <div class=\"ue_timeline_item_pointer_inside\">\n        <\/div>\n      <\/div>\n            \n      <div class=\"ue_timeline_item_pointer_spacer\"><\/div>\n    <\/div>\n    <div class=\"ue_timeline_item_icon\">\n      <div class=\"ue_timeline_item_icon_line_offset\">\n      \t<div class=\"ue_timeline_item_icon_line_offset_mask\"><\/div>\n      <\/div>\n      <div class=\"ue_timeline_item_icon_holder\">\n        <i class=''><\/i>                      <\/div>\n      <div class=\"ue_timeline_item_icon_line\">\n      \t<div class=\"ue_timeline_item_icon_line_mask\"><\/div>\n      <\/div>\n    <\/div>\n    <div class=\"ue_timeline_item_spacer\"><\/div>\n  <\/div>\n \n<\/div>\n<!-- end Unlimited Timeline -->\t\t\t\t<\/div>\n\t\t\t\t<\/div>\n\t\t\t\t\t<\/div>\n\t\t\t\t<\/div>\n\t\t\t\t<\/div>","protected":false},"excerpt":{"rendered":"<p>More than 100+ families have trusted us. We are thrilled to be a part of countless success stories by delivering the highest quality nanny services to families like yours. Get Started Step by step of how we work Selection Send your request using our contact form, providing us with some basic information, after that we will contact you and discuss your preferences.\u00a0 Initial payment A service agency fee that initializes the process of finding candidates that would be perfect for your needs. Please check the initial fee inside of our Terms and conditions. Screening We&#8217;ll send you a portfolio of the most suitable candidates and organize meetings with your favorites. Trial After the meeting, we&#8217;ll arrange a trial period with your selected candidate. Confirmation If both parties are satisfied, the collaboration begins and you pay the agency fee as stated in our Terms and conditions and the Initial payment will be deducted from the final fee.\u00a0<\/p>","protected":false},"author":1,"featured_media":0,"parent":0,"menu_order":0,"comment_status":"closed","ping_status":"closed","template":"","meta":{"_eb_attr":"","_uf_show_specific_survey":0,"_uf_disable_surveys":false,"footnotes":""},"class_list":["post-454","page","type-page","status-publish","hentry"],"blocksy_meta":[],"_links":{"self":[{"href":"https:\/\/bestnanny.world\/cz\/wp-json\/wp\/v2\/pages\/454","targetHints":{"allow":["GET"]}}],"collection":[{"href":"https:\/\/bestnanny.world\/cz\/wp-json\/wp\/v2\/pages"}],"about":[{"href":"https:\/\/bestnanny.world\/cz\/wp-json\/wp\/v2\/types\/page"}],"author":[{"embeddable":true,"href":"https:\/\/bestnanny.world\/cz\/wp-json\/wp\/v2\/users\/1"}],"replies":[{"embeddable":true,"href":"https:\/\/bestnanny.world\/cz\/wp-json\/wp\/v2\/comments?post=454"}],"version-history":[{"count":184,"href":"https:\/\/bestnanny.world\/cz\/wp-json\/wp\/v2\/pages\/454\/revisions"}],"predecessor-version":[{"id":8426,"href":"https:\/\/bestnanny.world\/cz\/wp-json\/wp\/v2\/pages\/454\/revisions\/8426"}],"wp:attachment":[{"href":"https:\/\/bestnanny.world\/cz\/wp-json\/wp\/v2\/media?parent=454"}],"curies":[{"name":"wp","href":"https:\/\/api.w.org\/{rel}","templated":true}]}}